{"id":3224,"date":"2022-10-10T20:46:54","date_gmt":"2022-10-10T20:46:54","guid":{"rendered":"https:\/\/marcopierrewhite.ie\/donnybrook\/?page_id=3224"},"modified":"2026-04-09T16:28:02","modified_gmt":"2026-04-09T16:28:02","slug":"desserts","status":"publish","type":"page","link":"https:\/\/marcopierrewhite.ie\/donnybrook\/desserts\/","title":{"rendered":"Desserts"},"content":{"rendered":"\t\t<div data-elementor-type=\"wp-post\" data-elementor-id=\"3224\" class=\"elementor elementor-3224\">\n\t\t\t\t\t\t\t\t\t<section class=\"elementor-section elementor-top-section elementor-element elementor-element-550f445 elementor-section-full_width elementor-section-height-default elementor-section-height-default\" data-id=\"550f445\" data-element_type=\"section\">\n\t\t\t\t\t\t<div class=\"elementor-container elementor-column-gap-no\">\n\t\t\t\t\t<div class=\"elementor-column elementor-col-100 elementor-top-column elementor-element elementor-element-ce28d70\" data-id=\"ce28d70\" data-element_type=\"column\">\n\t\t\t<div class=\"elementor-widget-wrap elementor-element-populated\">\n\t\t\t\t\t\t\t\t<div class=\"elementor-element elementor-element-b2b0135 elementor-widget elementor-widget-ova_heading\" data-id=\"b2b0135\" data-element_type=\"widget\" data-widget_type=\"ova_heading.default\">\n\t\t\t\t<div class=\"elementor-widget-container\">\n\t\t\t\t\t\t\t<section class=\"breadcrumb-menu-v2 breadcrumb-section section-box\" style=\"background-image: url(https:\/\/marcopierrewhite.ie\/wp-content\/uploads\/sites\/2\/2022\/10\/dessert-banner.jpg)\">\n\t\t\t\t<div class=\"container\">\n\t\t\t\t\t<div class=\"breadcrumb-inner\">\n\t\t\t\t\t\t\t\t\t\t\t\t\t<h1>Desserts<\/h1>\n\t\t\t\t\t\t\t\t\t\t\t\t\t\t\t\t\t<\/div>\t\n\t\t\t\t<\/div>\n\t\t\t<\/section>\n\t\t\t\t\t<\/div>\n\t\t\t\t<\/div>\n\t\t\t\t\t<\/div>\n\t\t<\/div>\n\t\t\t\t\t\t\t<\/div>\n\t\t<\/section>\n\t\t<div class=\"elementor-element elementor-element-70a644e7 e-con-boxed e-con\" data-id=\"70a644e7\" data-element_type=\"container\" data-settings=\"{&quot;background_background&quot;:&quot;classic&quot;,&quot;content_width&quot;:&quot;boxed&quot;}\">\n\t\t\t\t\t<div class=\"e-con-inner\">\n\t\t<div class=\"elementor-element elementor-element-4013606d e-con-boxed e-con\" data-id=\"4013606d\" data-element_type=\"container\" data-settings=\"{&quot;content_width&quot;:&quot;boxed&quot;}\">\n\t\t\t\t\t<div class=\"e-con-inner\">\n\t\t\t\t<div class=\"elementor-element elementor-element-29cc92b0 elementor-widget elementor-widget-heading\" data-id=\"29cc92b0\" data-element_type=\"widget\" data-widget_type=\"heading.default\">\n\t\t\t\t<div class=\"elementor-widget-container\">\n\t\t\t<style>\/*! elementor - v3.8.1 - 13-11-2022 *\/\n.elementor-heading-title{padding:0;margin:0;line-height:1}.elementor-widget-heading .elementor-heading-title[class*=elementor-size-]>a{color:inherit;font-size:inherit;line-height:inherit}.elementor-widget-heading .elementor-heading-title.elementor-size-small{font-size:15px}.elementor-widget-heading .elementor-heading-title.elementor-size-medium{font-size:19px}.elementor-widget-heading .elementor-heading-title.elementor-size-large{font-size:29px}.elementor-widget-heading .elementor-heading-title.elementor-size-xl{font-size:39px}.elementor-widget-heading .elementor-heading-title.elementor-size-xxl{font-size:59px}<\/style><h4 class=\"elementor-heading-title elementor-size-default\">BYOB Thursday \u20ac10 corkage - Does not apply during December<\/h4>\t\t<\/div>\n\t\t\t\t<\/div>\n\t\t\t\t\t<\/div>\n\t\t\t\t<\/div>\n\t\t\t\t\t<\/div>\n\t\t\t\t<\/div>\n\t\t\t\t<section class=\"elementor-section elementor-top-section elementor-element elementor-element-b04904a elementor-section-boxed elementor-section-height-default elementor-section-height-default\" data-id=\"b04904a\" data-element_type=\"section\">\n\t\t\t\t\t\t<div class=\"elementor-container elementor-column-gap-default\">\n\t\t\t\t\t<div class=\"elementor-column elementor-col-100 elementor-top-column elementor-element elementor-element-a0bd129\" data-id=\"a0bd129\" data-element_type=\"column\">\n\t\t\t<div class=\"elementor-widget-wrap elementor-element-populated\">\n\t\t\t\t\t\t\t\t<div class=\"elementor-element elementor-element-591024a elementor-widget elementor-widget-heading\" data-id=\"591024a\" data-element_type=\"widget\" data-widget_type=\"heading.default\">\n\t\t\t\t<div class=\"elementor-widget-container\">\n\t\t\t<h2 class=\"elementor-heading-title elementor-size-default\">DESSERT MENU <\/h2>\t\t<\/div>\n\t\t\t\t<\/div>\n\t\t\t\t\t<\/div>\n\t\t<\/div>\n\t\t\t\t\t\t\t<\/div>\n\t\t<\/section>\n\t\t\t\t<section class=\"elementor-section elementor-top-section elementor-element elementor-element-f8e7500 elementor-section-boxed elementor-section-height-default elementor-section-height-default\" data-id=\"f8e7500\" data-element_type=\"section\">\n\t\t\t\t\t\t<div class=\"elementor-container elementor-column-gap-default\">\n\t\t\t\t\t<div class=\"elementor-column elementor-col-100 elementor-top-column elementor-element elementor-element-8d126dd\" data-id=\"8d126dd\" data-element_type=\"column\">\n\t\t\t<div class=\"elementor-widget-wrap elementor-element-populated\">\n\t\t\t\t\t\t\t\t<div class=\"elementor-element elementor-element-5a10025 elementor-widget elementor-widget-ova_our_menu_v1\" data-id=\"5a10025\" data-element_type=\"widget\" data-widget_type=\"ova_our_menu_v1.default\">\n\t\t\t\t<div class=\"elementor-widget-container\">\n\t\t\t\n\t\t<section class=\"menu-v1-section menu-hp-2\">\n\t\t\t\n\t\t\t<div class=\"container\">\n\t\t\t\t<div class=\"row\">\n\n\t\t\t\t\t<div class=\"grid-item\">\n\t\t\t\t\t\t<div class=\"icon starter\">\n\t\t\t\t\t\t\t<figure><\/figure>\n\t\t\t\t\t\t<\/div>\n\t\t\t\t\t\t<h3><a  ><\/a><\/h3>\n\t\t\t\t\t\t\t\t\t\t\t\t\t\t<div class=\"menu-inner\">\n\t\t\t\t\t\t\t\t\t\t\t\t\t\t\t\t\t<div class=\"desc_our\" style=\"\">\n\t\t\t\t\t\t\t\t\t\t<span class=\"name\"><span class=\"title\" style=\"\">Cr\u00e8me Br\u00fbl\u00e9e\n <\/span> <span class=\"price\" style=\"\">12.95<\/span><\/span>\n\t\t\t\t\t\t\t\t\t<\/div>\n\t\t\t\t\t\t\t\t\t<p style=\"\">Orange &amp; Hazelnut Biscotti<\/p>\n\t\t\t\t\t\t\t\t\t\t\t\t\t\t\t\t<\/div>\n\t\t\t\t\t\t\t\t\t\t\t\t\t\t\t<div class=\"menu-inner\">\n\t\t\t\t\t\t\t\t\t\t\t\t\t\t\t\t\t<div class=\"desc_our\" style=\"\">\n\t\t\t\t\t\t\t\t\t\t<span class=\"name\"><span class=\"title\" style=\"\">Chocolate Fondant <\/span> <span class=\"price\" style=\"\">12.95<\/span><\/span>\n\t\t\t\t\t\t\t\t\t<\/div>\n\t\t\t\t\t\t\t\t\t<p style=\"\">hazelnut ganache, walnut crumble, vanilla ice cream<\/p>\n\t\t\t\t\t\t\t\t\t\t\t\t\t\t\t\t<\/div>\n\t\t\t\t\t\t\t\t\t\t\t\t\t\t\t<div class=\"menu-inner\">\n\t\t\t\t\t\t\t\t\t\t\t\t\t\t\t\t\t<div class=\"desc_our\" style=\"\">\n\t\t\t\t\t\t\t\t\t\t<span class=\"name\"><span class=\"title\" style=\"\">Ice Cream Selection\n <\/span> <span class=\"price\" style=\"\">9.95<\/span><\/span>\n\t\t\t\t\t\t\t\t\t<\/div>\n\t\t\t\t\t\t\t\t\t<p style=\"\">\u200eRaspberry Sauce<\/p>\n\t\t\t\t\t\t\t\t\t\t\t\t\t\t\t\t<\/div>\n\t\t\t\t\t\t\t\t\t\t\t\t\t\t\t<div class=\"menu-inner\">\n\t\t\t\t\t\t\t\t\t\t\t\t\t\t\t\t\t<div class=\"desc_our\" style=\"\">\n\t\t\t\t\t\t\t\t\t\t<span class=\"name\"><span class=\"title\" style=\"\">Salted Caramel Tart <\/span> <span class=\"price\" style=\"\">12.95<\/span><\/span>\n\t\t\t\t\t\t\t\t\t<\/div>\n\t\t\t\t\t\t\t\t\t<p style=\"\">salted caramel, 70% chocolate ganache, salted caramel ice cream<\/p>\n\t\t\t\t\t\t\t\t\t\t\t\t\t\t\t\t<\/div>\n\t\t\t\t\t\t\t\t\t\t\t\t\t\t\t<div class=\"menu-inner\">\n\t\t\t\t\t\t\t\t\t\t\t\t\t\t\t\t\t<div class=\"desc_our\" style=\"\">\n\t\t\t\t\t\t\t\t\t\t<span class=\"name\"><span class=\"title\" style=\"\">Sticky Toffee Pudding <\/span> <span class=\"price\" style=\"\">12.95<\/span><\/span>\n\t\t\t\t\t\t\t\t\t<\/div>\n\t\t\t\t\t\t\t\t\t<p style=\"\">Toffee Sauce &amp; Vanilla Ice Cream<\/p>\n\t\t\t\t\t\t\t\t\t\t\t\t\t\t\t\t<\/div>\n\t\t\t\t\t\t\t\t\t\t\t\t\t\t\t<div class=\"menu-inner\">\n\t\t\t\t\t\t\t\t\t\t\t\t\t\t\t\t\t<div class=\"desc_our\" style=\"\">\n\t\t\t\t\t\t\t\t\t\t<span class=\"name\"><span class=\"title\" style=\"\">Eton Mess <\/span> <span class=\"price\" style=\"\">12.95<\/span><\/span>\n\t\t\t\t\t\t\t\t\t<\/div>\n\t\t\t\t\t\t\t\t\t<p style=\"\"><\/p>\n\t\t\t\t\t\t\t\t\t\t\t\t\t\t\t\t<\/div>\n\t\t\t\t\t\t\t\t\t\t\t\t<\/div>\n\n\t\t\t\t<\/div>\n\t\t\t<\/div>\n\n\t\t<\/section>\n\n\t\t\t<\/div>\n\t\t\t\t<\/div>\n\t\t\t\t\t<\/div>\n\t\t<\/div>\n\t\t\t\t\t\t\t<\/div>\n\t\t<\/section>\n\t\t\t\t\t\t\t<\/div>\n\t\t","protected":false},"excerpt":{"rendered":"<p>Desserts BYOB Thursday \u20ac10 corkage &#8211; Does not apply during December DESSERT MENU Cr\u00e8me Br\u00fbl\u00e9e 12.95 Orange &amp; Hazelnut Biscotti Chocolate Fondant 12.95 hazelnut ganache, walnut crumble, vanilla ice cream Ice Cream Selection 9.95 \u200eRaspberry Sauce Salted Caramel Tart 12.95 salted caramel, 70% chocolate ganache, salted caramel ice cream Sticky Toffee Pudding 12.95 Toffee Sauce [&hellip;]<\/p>\n","protected":false},"author":1,"featured_media":0,"parent":0,"menu_order":0,"comment_status":"closed","ping_status":"closed","template":"elementor_header_footer","meta":{"footnotes":""},"class_list":["post-3224","page","type-page","status-publish","hentry"],"_links":{"self":[{"href":"https:\/\/marcopierrewhite.ie\/donnybrook\/wp-json\/wp\/v2\/pages\/3224","targetHints":{"allow":["GET"]}}],"collection":[{"href":"https:\/\/marcopierrewhite.ie\/donnybrook\/wp-json\/wp\/v2\/pages"}],"about":[{"href":"https:\/\/marcopierrewhite.ie\/donnybrook\/wp-json\/wp\/v2\/types\/page"}],"author":[{"embeddable":true,"href":"https:\/\/marcopierrewhite.ie\/donnybrook\/wp-json\/wp\/v2\/users\/1"}],"replies":[{"embeddable":true,"href":"https:\/\/marcopierrewhite.ie\/donnybrook\/wp-json\/wp\/v2\/comments?post=3224"}],"version-history":[{"count":48,"href":"https:\/\/marcopierrewhite.ie\/donnybrook\/wp-json\/wp\/v2\/pages\/3224\/revisions"}],"predecessor-version":[{"id":7242,"href":"https:\/\/marcopierrewhite.ie\/donnybrook\/wp-json\/wp\/v2\/pages\/3224\/revisions\/7242"}],"wp:attachment":[{"href":"https:\/\/marcopierrewhite.ie\/donnybrook\/wp-json\/wp\/v2\/media?parent=3224"}],"curies":[{"name":"wp","href":"https:\/\/api.w.org\/{rel}","templated":true}]}}